{"id":97,"date":"2023-10-23T11:44:47","date_gmt":"2023-10-23T11:44:47","guid":{"rendered":"https:\/\/www.mt-studio.hr\/?page_id=97"},"modified":"2023-10-23T11:44:47","modified_gmt":"2023-10-23T11:44:47","slug":"pravila-o-privatnosti","status":"publish","type":"page","link":"https:\/\/www.mt-studio.hr\/index.php\/kontakt\/pravila-o-privatnosti\/","title":{"rendered":"Pravila o privatnosti"},"content":{"rendered":"\n<p>Web stranica www.mt-studio.hr isklju\u010divo je informativnog karaktera i ne slu\u017ei za prodaju bilo kakvih usluga i proizvoda koji nisu uvr\u0161teni u djelatnost tvrtke, niti se putem stranice mo\u017ee naru\u010divati, komentirati, registrirati ili vr\u0161iti bilo koja radnja za koju je potrebno ostaviti osobne podatke.<\/p>\n\n\n\n<p>Web stranica www.mt-studio.hr ne koristi kola\u010di\u0107e niti na bilo koji na\u010din skenira, prati ili mjeri pona\u0161anje korisnika.<\/p>\n\n\n\n<p>Korisnici web stranice prate sadr\u017eaj stranice isklju\u010divo na bazi slobodne volje. Namjera autora nije pratiti ni spamati korisnike stranice, niti im i\u0161ta prodavati.<\/p>\n\n\n\n<p>Ako \u017eelite kontaktirati autora teksta, uvijek to mo\u017eete u\u010diniti na: <a href=\"mailto:marijatetka@yahoo.com\">marijatetka@yahoo.com<\/a><\/p>\n\n\n\n<p>Podaci poslani putem e-maila \u0161alju se na vlastitu odgovornost, te se ne spremaju niti obra\u0111uju, niti \u0161alju tre\u0107im stranama.&nbsp;<\/p>\n\n\n\n<p>Vlasnik stranice i autor teksta nije obvezan odgovarati na poslane mailove niti je odgovoran za bilo koji sadr\u017eaj koji se putem maila po\u0161alje.<\/p>\n\n\n\n<p>Podaci poslani mailom \u010duvaju se prema GDPR uputama i bri\u0161u se u roku od mjesec dana.<\/p>\n\n\n\n<p>MT Studio d.o.o. zadr\u017eava pravo izmjene i dopune Pravila o privatnosti kao i pravo dodavanja ili brisanja funkcionalnosti na stranici.&nbsp;<\/p>\n\n\n\n<p>Datum objave: 16.12.2021.<\/p>\n","protected":false},"excerpt":{"rendered":"<p>Web stranica www.mt-studio.hr isklju\u010divo je informativnog karaktera i ne slu\u017ei za prodaju bilo kakvih usluga i proizvoda koji nisu uvr\u0161teni u djelatnost tvrtke, niti se putem stranice mo\u017ee naru\u010divati, komentirati, registrirati ili&#8230;<\/p>\n","protected":false},"author":1,"featured_media":0,"parent":91,"menu_order":2,"comment_status":"closed","ping_status":"closed","template":"","meta":{"footnotes":""},"_links":{"self":[{"href":"https:\/\/www.mt-studio.hr\/index.php\/wp-json\/wp\/v2\/pages\/97"}],"collection":[{"href":"https:\/\/www.mt-studio.hr\/index.php\/wp-json\/wp\/v2\/pages"}],"about":[{"href":"https:\/\/www.mt-studio.hr\/index.php\/wp-json\/wp\/v2\/types\/page"}],"author":[{"embeddable":true,"href":"https:\/\/www.mt-studio.hr\/index.php\/wp-json\/wp\/v2\/users\/1"}],"replies":[{"embeddable":true,"href":"https:\/\/www.mt-studio.hr\/index.php\/wp-json\/wp\/v2\/comments?post=97"}],"version-history":[{"count":1,"href":"https:\/\/www.mt-studio.hr\/index.php\/wp-json\/wp\/v2\/pages\/97\/revisions"}],"predecessor-version":[{"id":98,"href":"https:\/\/www.mt-studio.hr\/index.php\/wp-json\/wp\/v2\/pages\/97\/revisions\/98"}],"up":[{"embeddable":true,"href":"https:\/\/www.mt-studio.hr\/index.php\/wp-json\/wp\/v2\/pages\/91"}],"wp:attachment":[{"href":"https:\/\/www.mt-studio.hr\/index.php\/wp-json\/wp\/v2\/media?parent=97"}],"curies":[{"name":"wp","href":"https:\/\/api.w.org\/{rel}","templated":true}]}}