{"id":91,"date":"2023-10-23T11:33:53","date_gmt":"2023-10-23T11:33:53","guid":{"rendered":"https:\/\/www.mt-studio.hr\/?page_id=91"},"modified":"2023-10-26T10:54:35","modified_gmt":"2023-10-26T10:54:35","slug":"kontakt","status":"publish","type":"page","link":"https:\/\/www.mt-studio.hr\/index.php\/kontakt\/","title":{"rendered":"Kontakt"},"content":{"rendered":"\n<p>Naziv: MT Studio d.o.o. za grafi\u010dki dizajn<\/p>\n\n\n\n<p>Sjedi\u0161te: Havrini 11, HR-10000 ZAGREB<\/p>\n\n\n\n<p>Kontakt e-mail: <a href=\"mailto:marijatetka@yahoo.com\">marijatetka@yahoo.com<\/a><\/p>\n\n\n\n<p>Web: <a href=\"http:\/\/www.mt-studio.hr\">www.mt-studio.hr<\/a>&nbsp;<\/p>\n\n\n\n<p>OIB: 18251998444<\/p>\n\n\n\n<p>Trgova\u010dko dru\u0161tvo upisano je u Sudski registar Trgova\u010dkog suda u Zagrebu pod mati\u010dnim brojem subjekta 080633996<\/p>\n\n\n\n<p>Temeljni kapital 20.000,00 kn upla\u0107en u cijelosti<\/p>\n\n\n\n<p>\u010clan uprave: Marija Tomi\u0107<\/p>\n\n\n\n<p>IBAN: HR6325000091101265922 Addiko bank d.d., Zagreb<\/p>\n","protected":false},"excerpt":{"rendered":"<p>Naziv: MT Studio d.o.o. za grafi\u010dki dizajn Sjedi\u0161te: Havrini 11, HR-10000 ZAGREB Kontakt e-mail: marijatetka@yahoo.com Web: www.mt-studio.hr&nbsp; OIB: 18251998444 Trgova\u010dko dru\u0161tvo upisano je u Sudski registar Trgova\u010dkog suda u Zagrebu pod mati\u010dnim&#8230;<\/p>\n","protected":false},"author":1,"featured_media":0,"parent":0,"menu_order":0,"comment_status":"closed","ping_status":"closed","template":"","meta":{"footnotes":""},"_links":{"self":[{"href":"https:\/\/www.mt-studio.hr\/index.php\/wp-json\/wp\/v2\/pages\/91"}],"collection":[{"href":"https:\/\/www.mt-studio.hr\/index.php\/wp-json\/wp\/v2\/pages"}],"about":[{"href":"https:\/\/www.mt-studio.hr\/index.php\/wp-json\/wp\/v2\/types\/page"}],"author":[{"embeddable":true,"href":"https:\/\/www.mt-studio.hr\/index.php\/wp-json\/wp\/v2\/users\/1"}],"replies":[{"embeddable":true,"href":"https:\/\/www.mt-studio.hr\/index.php\/wp-json\/wp\/v2\/comments?post=91"}],"version-history":[{"count":2,"href":"https:\/\/www.mt-studio.hr\/index.php\/wp-json\/wp\/v2\/pages\/91\/revisions"}],"predecessor-version":[{"id":111,"href":"https:\/\/www.mt-studio.hr\/index.php\/wp-json\/wp\/v2\/pages\/91\/revisions\/111"}],"wp:attachment":[{"href":"https:\/\/www.mt-studio.hr\/index.php\/wp-json\/wp\/v2\/media?parent=91"}],"curies":[{"name":"wp","href":"https:\/\/api.w.org\/{rel}","templated":true}]}}