{"id":74,"date":"2023-10-23T10:49:52","date_gmt":"2023-10-23T10:49:52","guid":{"rendered":"https:\/\/www.mt-studio.hr\/?page_id=74"},"modified":"2023-10-23T11:09:30","modified_gmt":"2023-10-23T11:09:30","slug":"o-meni","status":"publish","type":"page","link":"https:\/\/www.mt-studio.hr\/index.php\/o-meni\/","title":{"rendered":"O meni"},"content":{"rendered":"\n<p>Tvrtka MT Studio \u2013 to sam ja. Sve \u0161to radim ja, radi i moja tvrtka. Osnovala sam ju po povratku iz Austrije 2007. godine. Osnovne djelatnosti tvrtke su grafi\u010dki dizajn, prijevodi i informati\u010dke djelatnosti.&nbsp;<\/p>\n\n\n\n<p>Joshua Fields Millburn, the Minimalist, ka\u017ee da kad upoznaje ljude, ne pita ih \u0161to rade, nego koja im je strast. Kako se ovaj blog bavi mojim strastima o kojima mo\u017eete puno \u010ditati u mojim postovima, ovdje malo vi\u0161e informacija o onome \u0161to radim i \u0161to sam radila, kao i o mojim nekim osobinama, i drugim tehnikalijama.<\/p>\n\n\n\n<p>Nakon Klasi\u010dne gimnazije u Zagrebu oti\u0161la sam na studij u Be\u010d gdje sam studirala arhitekturu na TU Wien. Uz studij sam radila dodatne poslove kao \u0161to su: asistent na fakultetu, gost profesor za digitalni video u Ljubljani, suradnik u arhitektonskom birou u Bad V\u00f6slau pored Be\u010da, i sli\u010dno. Puno sam putovala, provela sam po mjesec dana na Kubi i u Australiji, juri\u0161ala sam po Italiji i Austriji, i jo\u0161 &#8220;gdjegdje&#8221; po Europi.&nbsp;<\/p>\n\n\n\n<p>Po zavr\u0161etku fakulteta radila sam ne\u0161to vi\u0161e od godinu dana u Salzburgu kao junior voditelj marketinga za LIDL. Bio je to moj prvi posao. Priznajem, nije bilo jednostavno, no, kad bih ponovno morala birati, izabrala bi isti po\u010detak. Mega korporacija nau\u010dila me kako se radi. Nakon strukturiranog \u0161kolovanja na svim podru\u010djima koja su jednom voditelju marketinga potrebna za rad, situirala sam se u centrali i radila na dnevnim zadacima vo\u0111enja marketinga. Ne\u0161to \u0161to je trebalo potrajati 6 mjeseci i zvalo se &#8220;<em>learning-on-job<\/em>&#8221; razvuklo se na gotovo dvije godine, te sam odlu\u010dila krenuti drugim putem.<\/p>\n\n\n\n<figure class=\"wp-block-image size-full\"><img decoding=\"async\" loading=\"lazy\" width=\"421\" height=\"140\" src=\"https:\/\/www.mt-studio.hr\/wp-content\/uploads\/2023\/10\/lidl.jpg\" alt=\"\" class=\"wp-image-84\" srcset=\"https:\/\/www.mt-studio.hr\/wp-content\/uploads\/2023\/10\/lidl.jpg 421w, https:\/\/www.mt-studio.hr\/wp-content\/uploads\/2023\/10\/lidl-300x100.jpg 300w\" sizes=\"(max-width: 421px) 100vw, 421px\" \/><figcaption class=\"wp-element-caption\">Idila kod LIDL filijale u pripizdini donjoj kod Salzburga<\/figcaption><\/figure>\n\n\n\n<p>Nakon \u017eivota na cesti i u hotelu, i avanture u Salzburgu vratila sam se u Be\u010d i radila kratko vrijeme za OBI GmbH kao koordinator marketinga. OBI je ne\u0161to manja korporacija, a i nije u <em>retail <\/em>bran\u0161i, \u0161to je zna\u010dilo puno manje hektike i puno manje stresa, ali i manje izazova.<\/p>\n\n\n\n<p>Nakon 12 godina Austrije po\u017eeljela sam se \u201enakratko\u201c vratiti u Zagreb gdje sam i ostala. Ovdje sam otvorila svoju tvrtku i nekoliko godina freelancala kao arhitekt, grafi\u010dki dizajner, suradnik za marketing i prevoditelj za njema\u010dki jezik.&nbsp;<\/p>\n\n\n\n<p>2011. sam se ponovno zaposlila, i to u SPAR Hrvatska kao product manager. Unazad gledano vjerojatno najzanimljiviji posao koji sam radila. Odjel product managementa se tek formirao u SPAR-u kad sam ja do\u0161la, tako da sam postavljala strukturu rada i procese odjela, \u0161to su meni najdra\u017ee aktivnosti. Sudjelovala sam na uvo\u0111enju robnih marki, izradi ambala\u017ea, marketingu i plasmanu robnih marki, kao i na raznim loyalty programima i eventima.<\/p>\n\n\n\n<p>2012. sam upoznala direktora 2e Systems-a koji me je pridobio u svoj tim gdje sam ostala idu\u0107ih pet godina rade\u0107i kao voditelj projekata razvoja softvera. Ne moram vam ni govoriti kako je to bio ogroman zaokret u karijeri i koliko sam truda i rada morala ulo\u017eiti kako bih savladala tehnologije, procese i metodologije razvoja softvera. No, trud se isplatio, vrlo brzo mogla sam preuzeti zanimljive i kompleksne projekte, pa sam tako bila glavni voditelj projekta razvoja<em> check-in <\/em>aplikacije za Croatia Airlines, kao i njihove mobilne aplikacije i sustava za slanje poruka putnicima.<\/p>\n\n\n\n<p>Uz sve te silne poslove zbog znati\u017eelje i\/ili potrebe poslova zavr\u0161ila sam i dodatne edukacije u pripremi za tisak (DTP stru\u010dnjak, Algebra), computer service-u (CompTIA, Algebra), web designu (Web dizajner, Algebra), a 2017. sam napokon prona\u0161la vremena da se pripremim i polo\u017eim C2 ispit iz njema\u010dkog jezika na Goethe institutu u Zagrebu.&nbsp;<\/p>\n\n\n\n<p>2018. pre\u0161la sam u tvrtku WEB marketing gdje sam radila kao voditelj projekata razvoja web portala, web shopova i raznih custom rje\u0161enja. Bila je to mala i izazovna avantura koja me je navela da se zamislim i uvela me u proces \u010di\u0161\u0107enja i veliku \u017eivotnu inventuru.&nbsp;<\/p>\n\n\n\n<p>Minimalizam mi je u tom procesu neizmjerno pomogao. Prigrlila sam minimalizam bez puno razmi\u0161ljanja, jer sam ve\u0107inu \u017eivota bila u sva\u0111i s konzumerizmom &#8211; naro\u010dito zbog toga \u0161to sam mu se i sama te\u0161ko odupirala. U dugim zimskim satima prekopavanja po podsvijesti i nadsvijesti, kao i ormarima i ladicama, minimalizam me podsjetio da je moja najve\u0107a strast pisanje, i nadam se da \u0107u smo\u0107i hrabrosti slijede\u0107ih godina pozavr\u0161avati svoje otvorene spisateljske projekte. 2007. osvojila sam tre\u0107e mjesto u Booksi na natje\u010daju za kratku pri\u010du <a href=\"https:\/\/booksa.hr\/proza-i-poezija\/sretan-bozic-i-nova-godina\/marija-tomic\" target=\"_blank\" rel=\"noreferrer noopener\">https:\/\/booksa.hr\/proza-i-poezija\/sretan-bozic-i-nova-godina\/marija-tomic<\/a> i odonda se po tom pitanju ni\u0161ta nije dogodilo. Ovaj blog postojao je u ranijoj verziji u periodu od 2011. do 2013., a onda se ugasio zbog nedostatka volje i inspiracije.<\/p>\n\n\n\n<p>Velik dio \u017eivota posvetila sam psihologiji i radu na sebi, jer su doga\u0111aji u mom \u017eivotu imali tendenciju da se zakompliciraju. I moja zdravstvena i privatna situacija tra\u017eili su pa\u017enju, pa sam tako krenula u \u0161kolu za integrativni razvoj (<a href=\"http:\/\/www.cir.hr\/\" target=\"_blank\" rel=\"noreferrer noopener\">http:\/\/www.cir.hr\/<\/a> ) i poha\u0111ala ju u periodu od 2010.- 2012., gdje sam se bavila prou\u010davanjem Jungove psihologije, bioenergije i razvojem svijesti. Vjerujem u Vi\u0161u silu, odnosno svijest (Boga), koje smo svi dio, i u evoluciju du\u0161e.\u00a0<\/p>\n\n\n\n<p>Strastveni sam procesor (<a href=\"https:\/\/predictablesuccess.com\/glossary\/the-processor\/\" target=\"_blank\" rel=\"noreferrer noopener\">https:\/\/getpredictablesuccess.com\/glossary\/the-processor\/<\/a>). \u010cim mi se zada zadatak da napravim analizu i pregled neke situacije i od toga stvorim proces, meni se sakupi slina na rubovima usana. Zato tako dobro vodim projekte i poslove koji zahtijevaju nadgledanje cjelokupnog procesa. Obo\u017eavam istra\u017eivati i prou\u010davati, a lako pamtim i sagledavam komplicirane sustave i lagano ih prevodim na jednostavni jezik. Obo\u017eavam kad drugima mogu ne\u0161to pokazati ili nekoga mentorirati, \u0161to me \u010dini strastvenim govornikom i prezentatorom. U poslovnom svijetu sakupila sam nekoliko nadimaka, od kojih su Sherlock, Tetka\/Arhitetka i Procesor neki od njih. Iako sam uvijek bila predsjednik razreda, nisam se probila do liderskih pozicija zbog manjka psihopatskih crta li\u010dnosti. Ja se baziram na pravdi, radu i disciplini (ja sam je*** stranka).<\/p>\n\n\n\n<p>Po opredjeljenju sam vi\u0161e determinist, nego pobornik slobodne volje (\u0161to se mo\u017eda \u010dini kontradiktornim onome o \u010demu pi\u0161em, ali to je duga pri\u010da i filozofska drama koju prolazim cijeli \u017eivot, pa ne bih sad u detalje). Svoju misiju u \u017eivotu percipiram kao potragu za svojom autenti\u010dnosti i istinom o postojanju, cilj mi je pro\u017eivjeti \u0161to vi\u0161e iskustava u \u017eivotu, a moja svrha je da budem prenositelj znanja i informacija.&nbsp;<\/p>\n\n\n\n<p>Moje \u201elo\u0161e\u201c strane (za mene nisu lo\u0161e, ali se eto kao takve percipiraju u dru\u0161tvu) su pretjerana \u017eelja za slobodom \u2013 pritom mislim na slobodu govora i rada pod mojim uvjetima, nestrpljiva sam i te\u0161ko mi je \u017eivjeti sa samom sobom. Mrzim kad mi se pr\u010dka po mojim procedurama i kad mi netko name\u0107e na\u010din rada koji se protivi zdravom razumu. Najbolje radim kad mi se zada zadatak i pusti me se na miru, a apsolutno nikada ne zaboravljam na rokove ili dogovore. Neki me do\u017eivljavaju jako strogom, no uglavnom se ja bojim njih vi\u0161e nego oni mene.&nbsp;<\/p>\n\n\n\n<p>Ne volim <em>small<\/em> <em>talk<\/em> pa \u0107ete me vidjeti kako se skrivam po kutovima na raznim doga\u0111anjima, ako ba\u0161 moram biti prisutna. Uglavnom me ne\u0107ete uop\u0107e vidjeti, osim ako nisam glavni govornik. Ne pojavljujem se na dru\u017eenjima i rijetko izlazim, \u0161to se \u010desto krivo interpretira (ljudi misle da se ne \u017eelim dru\u017eiti s njima, \u0161to i je i nije istina &#8211; ve\u0107a istina je da me dru\u017eenja iscrpljuju jer, s obzirom da sam introvertirana, a i osjetljiva na tu\u0111e energije, previ\u0161e svoje energije tro\u0161im u komunikaciji). Team building je za mene no\u0107na mora, jer ne volim da me se prisiljava na bilo kakva dru\u017eenja koja nisu po mojem izboru (ovo ima veze i sa slobodom i s mojim rezervarom energije). Op\u0107enito ne volim kad me se dr\u017ei u situacijama koje mi ne odgovaraju, pa imam tendenciju bijega. Volim dru\u017eenja u manjem krugu, s ljudima s kojima volim provoditi vrijeme. Dosta sam anksiozna i kontradiktorno gore navedenom &#8211; samu sebe ograni\u010davam. Usprkos svemu tome, ljudi i timovi me prihva\u0107aju i vole raditi sa mnom, \u0161to je dokaz da je svijet izgra\u0111en na dualnostima.&nbsp;<\/p>\n\n\n\n<p>Kad nisam optere\u0107ena pitanjima \u017eivota i smrti, uglavnom volim pogledati dobar SF, psiholo\u0161ku dramu ili triler, pro\u010ditati dobru knjigu, napisati koji post, nacrtati koju sliku ili pro\u0161etati moju pesicu Ali.&nbsp;<\/p>\n\n\n\n<p>Update: 10_2021: Na \u017ealost, u vrlo kratkom vremenu i nenadano, 23.7.2021. napustila nas je na\u0161a curka Ali&#8230; Imala je svega 9 godina. Nedostaje mi neizmjerno. Nisam jo\u0161 spremna za novog peseka, ali zato tr\u010dim za svakom nju\u0161kicom koju vidim na cesti&#8230;<\/p>\n\n\n\n<figure class=\"wp-block-image size-full\"><img decoding=\"async\" loading=\"lazy\" width=\"1024\" height=\"616\" src=\"https:\/\/www.mt-studio.hr\/wp-content\/uploads\/2023\/10\/Ali.jpg\" alt=\"\" class=\"wp-image-83\" srcset=\"https:\/\/www.mt-studio.hr\/wp-content\/uploads\/2023\/10\/Ali.jpg 1024w, https:\/\/www.mt-studio.hr\/wp-content\/uploads\/2023\/10\/Ali-300x180.jpg 300w, https:\/\/www.mt-studio.hr\/wp-content\/uploads\/2023\/10\/Ali-768x462.jpg 768w, https:\/\/www.mt-studio.hr\/wp-content\/uploads\/2023\/10\/Ali-850x511.jpg 850w\" sizes=\"(max-width: 1024px) 100vw, 1024px\" \/><\/figure>\n\n\n\n<p>LinkedIn profil: <a href=\"https:\/\/hr.linkedin.com\/in\/marija-tomic-di\" target=\"_blank\" rel=\"noreferrer noopener\">https:\/\/hr.linkedin.com\/in\/marija-tomic-di<\/a><\/p>\n","protected":false},"excerpt":{"rendered":"<p>Tvrtka MT Studio \u2013 to sam ja. Sve \u0161to radim ja, radi i moja tvrtka. Osnovala sam ju po povratku iz Austrije 2007. godine. Osnovne djelatnosti tvrtke su grafi\u010dki dizajn, prijevodi i&#8230;<\/p>\n","protected":false},"author":1,"featured_media":0,"parent":0,"menu_order":1,"comment_status":"closed","ping_status":"closed","template":"","meta":{"footnotes":""},"_links":{"self":[{"href":"https:\/\/www.mt-studio.hr\/index.php\/wp-json\/wp\/v2\/pages\/74"}],"collection":[{"href":"https:\/\/www.mt-studio.hr\/index.php\/wp-json\/wp\/v2\/pages"}],"about":[{"href":"https:\/\/www.mt-studio.hr\/index.php\/wp-json\/wp\/v2\/types\/page"}],"author":[{"embeddable":true,"href":"https:\/\/www.mt-studio.hr\/index.php\/wp-json\/wp\/v2\/users\/1"}],"replies":[{"embeddable":true,"href":"https:\/\/www.mt-studio.hr\/index.php\/wp-json\/wp\/v2\/comments?post=74"}],"version-history":[{"count":4,"href":"https:\/\/www.mt-studio.hr\/index.php\/wp-json\/wp\/v2\/pages\/74\/revisions"}],"predecessor-version":[{"id":85,"href":"https:\/\/www.mt-studio.hr\/index.php\/wp-json\/wp\/v2\/pages\/74\/revisions\/85"}],"wp:attachment":[{"href":"https:\/\/www.mt-studio.hr\/index.php\/wp-json\/wp\/v2\/media?parent=74"}],"curies":[{"name":"wp","href":"https:\/\/api.w.org\/{rel}","templated":true}]}}