{"id":100,"date":"2023-10-23T11:48:16","date_gmt":"2023-10-23T11:48:16","guid":{"rendered":"https:\/\/www.mt-studio.hr\/?page_id=100"},"modified":"2023-10-23T11:48:16","modified_gmt":"2023-10-23T11:48:16","slug":"odricanje-od-odgovornosti","status":"publish","type":"page","link":"https:\/\/www.mt-studio.hr\/index.php\/kontakt\/odricanje-od-odgovornosti\/","title":{"rendered":"Odricanje od odgovornosti"},"content":{"rendered":"\n<p>Tvrtka MT Studio d.o.o. ne odgovara za \u0161tetu koja na bilo koji na\u010din mo\u017ee nastati iz, ili je na bilo koji na\u010din vezana za kori\u0161tenje ove internet stranice, za bilo koje radnje korisnika do kojih do\u0111e uporabom ili zlouporabom sadr\u017eaja ove Internet stranice, te za bilo kakvu \u0161tetu koja mo\u017ee nastati korisniku ili bilo kojoj tre\u0107oj strani u vezi s uporabom ili zlouporabom kori\u0161tenja sadr\u017eaja ove internet stranice.<\/p>\n\n\n\n<p>Glavne djelatnosti tvrtke MT Studio su grafi\u010dki dizajn i prevo\u0111enje. Tvrtka MT Studio ne pru\u017ea usluge svjetovanja vezanih uz zdravlje ili lije\u010denje, i ne bavi se prodajom bilo kakvih medicinskih ili prehrambenih proizvoda. Tekstovi na stranici koji nisu vezani uz glavne djelatnosti tvrtke isklju\u010divo su osobni interes njezinog osniva\u010da i ni na koji na\u010din ne zamijenjuju savjete kvalificiranih osoba vezanih uz temu zdravlja, prehrane, psihologa i drugih stru\u010dnjaka.<\/p>\n\n\n\n<p>Repliciranje i slije\u0111enje mi\u0161ljenja i stavova autora teksta vr\u0161i se isklju\u010divo na vlastitu odgovornost.<\/p>\n\n\n\n<p>Prije kori\u0161tenja web stranice www.mt-studio.hr korisnici su obvezni upoznati se s <a href=\"https:\/\/www.mt-studio.hr\/index.php\/kontakt\/uvjeti-koristenja\/\">Uvjetima kori\u0161tenja<\/a> stranice i <a href=\"https:\/\/www.mt-studio.hr\/index.php\/kontakt\/pravila-o-privatnosti\/\">Pravilima o privatnosti.<\/a><\/p>\n","protected":false},"excerpt":{"rendered":"<p>Tvrtka MT Studio d.o.o. ne odgovara za \u0161tetu koja na bilo koji na\u010din mo\u017ee nastati iz, ili je na bilo koji na\u010din vezana za kori\u0161tenje ove internet stranice, za bilo koje radnje&#8230;<\/p>\n","protected":false},"author":1,"featured_media":0,"parent":91,"menu_order":3,"comment_status":"closed","ping_status":"closed","template":"","meta":{"footnotes":""},"_links":{"self":[{"href":"https:\/\/www.mt-studio.hr\/index.php\/wp-json\/wp\/v2\/pages\/100"}],"collection":[{"href":"https:\/\/www.mt-studio.hr\/index.php\/wp-json\/wp\/v2\/pages"}],"about":[{"href":"https:\/\/www.mt-studio.hr\/index.php\/wp-json\/wp\/v2\/types\/page"}],"author":[{"embeddable":true,"href":"https:\/\/www.mt-studio.hr\/index.php\/wp-json\/wp\/v2\/users\/1"}],"replies":[{"embeddable":true,"href":"https:\/\/www.mt-studio.hr\/index.php\/wp-json\/wp\/v2\/comments?post=100"}],"version-history":[{"count":1,"href":"https:\/\/www.mt-studio.hr\/index.php\/wp-json\/wp\/v2\/pages\/100\/revisions"}],"predecessor-version":[{"id":101,"href":"https:\/\/www.mt-studio.hr\/index.php\/wp-json\/wp\/v2\/pages\/100\/revisions\/101"}],"up":[{"embeddable":true,"href":"https:\/\/www.mt-studio.hr\/index.php\/wp-json\/wp\/v2\/pages\/91"}],"wp:attachment":[{"href":"https:\/\/www.mt-studio.hr\/index.php\/wp-json\/wp\/v2\/media?parent=100"}],"curies":[{"name":"wp","href":"https:\/\/api.w.org\/{rel}","templated":true}]}}